{"id":644,"date":"2017-03-09T05:21:01","date_gmt":"2017-03-09T05:21:01","guid":{"rendered":"http:\/\/localhost\/wordpress-4.7\/wordpress\/?page_id=24"},"modified":"2024-12-10T19:16:15","modified_gmt":"2024-12-10T17:16:15","slug":"homepage","status":"publish","type":"page","link":"https:\/\/estetikramita.rs\/en\/","title":{"rendered":"Homepage"},"content":{"rendered":"<p><section class=\"fw-main-row \"  >\n\t<div class=\"fw-container-fluid no-padding\">\n\t\t<div class=\"fw-row\">\n\t\n<div class=\"fw-col-xs-12\" style=\"\">\n\t\t<div class=\"top-heading\">\n\n<p>Estetik Ramita- Dejan MIlutinovi\u0107 MD :\u00a0Aesthetic plastic and reconstructive surgery<\/p>\n\t<\/div>\n<\/div>\n<\/div>\n\n\t<\/div>\n<\/section><section class=\"fw-main-row \"  >\n\t<div class=\"fw-container-fluid no-padding\">\n\t\t<div class=\"fw-row\">\n\t\n<div class=\"fw-col-xs-12\" style=\"\">\n\t\t<div class=\"slider\">\n\n<p><script data-cfasync=\"false\" type=\"text\/javascript\">var lsjQuery = jQuery;<\/script><script data-cfasync=\"false\" type=\"text\/javascript\">\r\nlsjQuery(document).ready(function() {\r\nif(typeof lsjQuery.fn.layerSlider == \"undefined\") { lsShowNotice('layerslider_6','jquery'); }\r\nelse {\r\nlsjQuery(\"#layerslider_6\").layerSlider({responsiveUnder: 1366, layersContainer: 1310, skin: 'fullwidth', navPrevNext: false, hoverPrevNext: false, navStartStop: false, navButtons: false, showCircleTimer: false, autoPlayVideos: false, lazyLoad: false, skinsPath: 'https:\/\/estetikramita.rs\/wp-content\/plugins\/LayerSlider\/static\/skins\/'})\r\n}\r\n});\r\n<\/script><div class=\"ls-wp-fullwidth-container\" style=\"height:550px;\"><div class=\"ls-wp-fullwidth-helper\"><div id=\"layerslider_6\" class=\"ls-wp-container\" style=\"width:100%;height:550px;margin:0 auto;margin-bottom: 0px;\"><div class=\"ls-slide\" data-ls=\"transition2d:5;\"><img decoding=\"async\" src=\"https:\/\/estetikramita.rs\/wp-content\/uploads\/2017\/03\/slide-1-1.jpg\" class=\"ls-bg\" alt=\"slide-1-1\" \/><p class=\"ls-l slide-heading\" style=\"top:160px;left:81px;font-weight:300;\ncolor:#036564 !important;width:;height:;padding-top:;padding-right:;padding-bottom:;padding-left:;border-top:;border-right:;border-bottom:;border-left:;font-family:Lato;font-size:75px;line-height:85px;color:233239px;background:;border-radius:;white-space: nowrap;\">ENJOY THE <br>\n<span class=\"orange\">BEAUTY<\/span>\n<\/p><p class=\"ls-l button-1\" style=\"top:394px;left:85px;width:;height:;padding-top:;padding-right:;padding-bottom:;padding-left:;border-top:;border-right:;border-bottom:;border-left:;font-family:;font-size:;line-height:;color:;background:;border-radius:;white-space: nowrap;\"><a href=\"https:\/\/estetikramita.rs\/en\/face-aesthetics\/\" target=\"_self\" class=\"slider-button\">Read more<\/a><\/p><p class=\"ls-l button-2\" style=\"top:394px;left:275px;width:;height:;padding-top:;padding-right:;padding-bottom:;padding-left:;border-top:;border-right:;border-bottom:;border-left:;font-family:;font-size:;line-height:;color:;background:;border-radius:;white-space: nowrap;\"><a href=\"https:\/\/estetikramita.rs\/en\/contact-us\/\" target=\"_self\" class=\"slider-button\">Contact us<\/a><\/p><\/div><div class=\"ls-slide\" data-ls=\"transition2d:5;\"><img decoding=\"async\" src=\"https:\/\/estetikramita.rs\/wp-content\/uploads\/2017\/05\/Slide-2-1.jpg\" class=\"ls-bg\" alt=\"Slide-2\" \/><p class=\"ls-l slide-heading\" style=\"top:149px;left:85px;font-weight:300;\ncolor:#036564 !important;width:;height:;padding-top:;padding-right:;padding-bottom:;padding-left:;border-top:;border-right:;border-bottom:;border-left:;font-family:Lato;font-size:75px;line-height:85px;color:233239px;background:;border-radius:;white-space: nowrap;\"><span class=\"orange\"> LOOKS THAT <\/span> <br>\nINSPIRES\n<\/p><p class=\"ls-l button-1\" style=\"top:394px;left:86px;width:;height:;padding-top:;padding-right:;padding-bottom:;padding-left:;border-top:;border-right:;border-bottom:;border-left:;font-family:;font-size:;line-height:;color:;background:;border-radius:;white-space: nowrap;\"><a href=\"https:\/\/estetikramita.rs\/en\/body-aesthetics\/breast-lift\/\" target=\"_self\" class=\"slider-button\">Read more<\/a><\/p><p class=\"ls-l button-2\" style=\"top:394px;left:279px;width:;height:;padding-top:;padding-right:;padding-bottom:;padding-left:;border-top:;border-right:;border-bottom:;border-left:;font-family:;font-size:;line-height:;color:;background:;border-radius:;white-space: nowrap;\"><a href=\"https:\/\/estetikramita.rs\/en\/contact-us\/\" target=\"_self\" class=\"slider-button\">Contact us<\/a><\/p><\/div><div class=\"ls-slide\" data-ls=\"transition2d:5;\"><img decoding=\"async\" src=\"https:\/\/estetikramita.rs\/wp-content\/uploads\/2017\/05\/Slide-3-1.jpg\" class=\"ls-bg\" alt=\"Slide-3\" \/><p class=\"ls-l slide-heading\" style=\"top:149px;left:85px;font-weight:300;\ncolor:#036564 !important;width:;height:;padding-top:;padding-right:;padding-bottom:;padding-left:;border-top:;border-right:;border-bottom:;border-left:;font-family:Lato;font-size:75px;line-height:85px;color:233239px;background:;border-radius:;white-space: nowrap;\">PERFECTION IS  <br>\n<span class=\"orange\">HARMONY<\/span>\n<\/p><p class=\"ls-l button-1\" style=\"top:394px;left:86px;width:;height:;padding-top:;padding-right:;padding-bottom:;padding-left:;border-top:;border-right:;border-bottom:;border-left:;font-family:;font-size:;line-height:;color:;background:;border-radius:;white-space: nowrap;\"><a href=\"https:\/\/estetikramita.rs\/en\/body-aesthetics\/\" target=\"_self\" class=\"slider-button\">Read more<\/a><\/p><p class=\"ls-l button-2\" style=\"top:394px;left:279px;width:;height:;padding-top:;padding-right:;padding-bottom:;padding-left:;border-top:;border-right:;border-bottom:;border-left:;font-family:;font-size:;line-height:;color:;background:;border-radius:;white-space: nowrap;\"><a href=\"https:\/\/estetikramita.rs\/en\/contact-us\/\" target=\"_self\" class=\"slider-button\">Contact us<\/a><\/p><\/div><\/div><\/div><\/div><\/p>\n\t<\/div>\n<\/div>\n<\/div>\n\n\t<\/div>\n<\/section><section class=\"fw-main-row \" style=\"padding-top:60px;padding-bottom:20px;\" >\n\t<div class=\"fw-container\">\n\t\t<div class=\"fw-row\">\n\t\n<div class=\"fw-col-xs-12 fw-col-sm-4 fw-col-md-4  services-img\" style=\"padding-bottom:30px;\">\n\t<a href=\"https:\/\/estetikramita.rs\/en\/face-aesthetics\/\" target=\"_self\" ><img decoding=\"async\" src=\"\/\/estetikramita.rs\/wp-content\/uploads\/2017\/03\/face-1.jpg\" alt=\"\/\/estetikramita.rs\/wp-content\/uploads\/2017\/03\/face-1.jpg\" \/><\/a>\t<div class=\"services-text\">\n\n<h3><a href=\"https:\/\/estetikramita.rs\/en\/face-aesthetics\/\">Face Aesthetics<\/a><\/h3>\n\t<\/div>\n<\/div>\n\n<div class=\"fw-col-xs-12 fw-col-sm-4 fw-col-md-4  services-img\" style=\"padding-bottom:30px;\">\n\t<a href=\"https:\/\/estetikramita.rs\/en\/body-aesthetics\/breast-lift\/\" target=\"_self\" ><img decoding=\"async\" src=\"\/\/estetikramita.rs\/wp-content\/uploads\/2017\/03\/breast-2-1.jpg\" alt=\"\/\/estetikramita.rs\/wp-content\/uploads\/2017\/03\/breast-2-1.jpg\" \/><\/a>\t<div class=\"services-text\">\n\n<h3><a href=\"https:\/\/estetikramita.rs\/en\/body-aesthetics\/breast-lift\/\">Breast Lift<\/a><\/h3>\n\t<\/div>\n<\/div>\n\n<div class=\"fw-col-xs-12 fw-col-sm-4 fw-col-md-4  services-img\" style=\"padding-bottom:30px;\">\n\t<a href=\"https:\/\/estetikramita.rs\/en\/body-aesthetics\/\" target=\"_self\" ><img decoding=\"async\" src=\"\/\/estetikramita.rs\/wp-content\/uploads\/2017\/03\/body-1-1.jpg\" alt=\"\/\/estetikramita.rs\/wp-content\/uploads\/2017\/03\/body-1-1.jpg\" \/><\/a>\t<div class=\"services-text\">\n\n<h3><a href=\"https:\/\/estetikramita.rs\/en\/body-aesthetics\/\">Body Aesthetics<\/a><\/h3>\n\t<\/div>\n<\/div>\n<\/div>\n\n\t<\/div>\n<\/section><section class=\"fw-main-row \" style=\"background-color:#f4f4f3;padding-top:60px;padding-bottom:60px;\" >\n\t<div class=\"fw-container no-padding\">\n\t\t<div class=\"fw-row\">\n\t\n<div class=\"fw-col-xs-12 fw-col-sm-12 fw-col-md-6 \" style=\"\">\n\t<div class=\"video-wrapper shortcode-container\">\n\t<div class=\"container-lazyload preview-lazyload container-youtube js-lazyload--not-loaded\"><a href=\"https:\/\/www.youtube.com\/watch?v=mOzhzFzxeeg&#038;t=8s\" class=\"lazy-load-youtube preview-lazyload preview-youtube\" data-video-title=\"Estetik Ramita (plasti\u010dna, rekonstruktivna i estetska hirurgija)\" title=\"Play video &quot;Estetik Ramita (plasti\u010dna, rekonstruktivna i estetska hirurgija)&quot;\">https:\/\/www.youtube.com\/watch?v=mOzhzFzxeeg&t=8s<\/a><noscript>Video can't be loaded because JavaScript is disabled: <a href=\"https:\/\/www.youtube.com\/watch?v=mOzhzFzxeeg&#038;t=8s\" title=\"Estetik Ramita (plasti\u010dna, rekonstruktivna i estetska hirurgija)\">Estetik Ramita (plasti\u010dna, rekonstruktivna i estetska hirurgija) (https:\/\/www.youtube.com\/watch?v=mOzhzFzxeeg&#038;t=8s)<\/a><\/noscript><\/div><\/div>\n<\/div>\n\n<div class=\"fw-col-xs-12 fw-col-sm-12 fw-col-md-6 \" style=\"\">\n\t\t<div class=\"video-text\">\n\n<h2>Estetik Ramita<\/h2><p>\u201cEstetik Ramita\u201d was founded in 2007, by an esteemed plastic surgeon Dejan Milutinovi\u0107, MD. His primary intention was to help anyone who faces an aesthetic condition regarding their current looks or wants to improve and maintain their face and body aesthetics.<\/p><p>The clinic is designed to meet the latest medical standards. The comfortable ambient will make you feel relaxed and the kind staff lead by doctor Milutinovi\u0107 is there to make your staying less painful and to make your wishes come true.<\/p><p>Every patient is treated with extreme care and kindness, which makes this clinic one of the best possible choices for achieving your aesthetic goals in this part of the world. After the usual post-operational staying at the clinic, you will go back to your home with more self-esteem and more satisfied with yourself.<\/p><p>Your new looks will bring a flair of youthfulness and joy in your current lifestyle, regardless of your age.<\/p>\n\t<\/div>\n<\/div>\n<\/div>\n\n\t<\/div>\n<\/section><section class=\"fw-main-row \" style=\"background-color:#ecebe9;padding-top:60px;\" >\n\t<div class=\"fw-container\">\n\t\t<div class=\"fw-row\">\n\t\n<div class=\"fw-col-xs-12 fw-col-md-6  about-content\" style=\"\">\n\t\t<div class=\"about\">\n\n<h2>DEJAN MILUTINOVIC M.D.<\/h2><h3 class=\"profession\">Plastic surgeon<\/h3><p>Can your beauty last forever?<br \/>Is it hard to attain lasting beauty?<br \/>Is is possible to look natural even with the small help of aesthetic surgery?<\/p><p>Dejan Milutinovi\u0107, M.D. thinks it is.<\/p><p><strong>\u201cA woman is satisfied when she looks beautifully - as the result of her care of face and body. If my patient, for example, wants a breast augmentation, I spend a lot of time explaining to her what that particular procedure entails and what results she will get out of it. If I don\u2019t think it is necessary, then I recommend other methods that will benefit her the most. I never treat any patient as the others; I stand by the opinion that my job as a plastic surgeon is to make sure my patients leave my clinic healthy and beautiful, not the other way around.\u201d<\/strong><\/p><p>His goals are not directed to the increased number of procedures. He wants to make his patients happy and healthy, giving them solution to look youthful regardless of their age.<\/p><p>You can relax and think only about how will you look afterwards, <strong>because your beauty is safe in doctor Milutinovi\u0107\u2019s hands.<\/strong><\/p>\n\t<\/div>\n<div class=\" tal\">\n\t\t\t\t\t\t<a href=\"https:\/\/estetikramita.rs\/en\/about-us\/\" target=\"_self\" class=\"button-style1 \" style=\"margin-right:20px; \">\n\t\t\t\t<span>Your Surgeon<\/span>\n\t\t\t<\/a>\n\t\t\t\t\t\t\t\t<a href=\"https:\/\/estetikramita.rs\/en\/contact-us\/\" target=\"_self\" class=\"button-style1 \" style=\"\">\n\t\t\t\t<span>Contact Us<\/span>\n\t\t\t<\/a>\n\t\t\t<\/div><\/div>\n\n<div class=\"fw-col-xs-12 fw-col-sm-12 fw-col-md-6  doctor-pic\" style=\"\">\n\t<img decoding=\"async\" src=\"\/\/estetikramita.rs\/wp-content\/uploads\/2017\/02\/ramita.jpg\" alt=\"\/\/estetikramita.rs\/wp-content\/uploads\/2017\/02\/ramita.jpg\" \/><\/div>\n<\/div>\n\n\t<\/div>\n<\/section><section class=\"fw-main-row \" style=\"background-color:#036564;color:#ffffff;padding-top:50px;padding-bottom:60px;\" >\n\t<div class=\"fw-container\">\n\t\t<div class=\"fw-row\">\n\t\n<div class=\"fw-col-xs-12 contact-heading\" style=\"\">\n\t<h1 class='fw-special-title base tac' style='font-weight: 300; '>\n\t<span>Contact us<\/span>\n\t<\/h1><\/div>\n<\/div>\n\n<div class=\"fw-row\">\n\t\n<div class=\"fw-col-xs-12 fw-col-md-4 fw-col-lg-4  home-contact\" style=\"\">\n\t\t<div class=\"contact-text\">\n\n<p>Address: Bulevar Mihajla Pupina 139, Belgrade, Serbia<\/p><p>Phone: +381 11 3391258<\/p><p>Mobile: +381 65 3391258<\/p><p>Mobile: +381 65 8597090<\/p><p>Email: info@estetikramita.com<\/p>\n\t<\/div>\n<\/div>\n\n<div class=\"fw-col-xs-12 fw-col-md-8 fw-col-lg-8 \" style=\"\">\n\t\t<div class=\"appoint-form\">\n\n<p>\n<div class=\"wpcf7 no-js\" id=\"wpcf7-f1105-o1\" lang=\"en-US\" dir=\"ltr\" data-wpcf7-id=\"1105\">\n<div class=\"screen-reader-response\"><p role=\"status\" aria-live=\"polite\" aria-atomic=\"true\"><\/p> <ul><\/ul><\/div>\n<form action=\"\/en\/wp-json\/wp\/v2\/pages\/644#wpcf7-f1105-o1\" method=\"post\" class=\"wpcf7-form init\" aria-label=\"Contact form\" novalidate=\"novalidate\" data-status=\"init\">\n<div style=\"display: none;\">\n<input type=\"hidden\" name=\"_wpcf7\" value=\"1105\" \/>\n<input type=\"hidden\" name=\"_wpcf7_version\" value=\"6.0.6\" \/>\n<input type=\"hidden\" name=\"_wpcf7_locale\" value=\"en_US\" \/>\n<input type=\"hidden\" name=\"_wpcf7_unit_tag\" value=\"wpcf7-f1105-o1\" \/>\n<input type=\"hidden\" name=\"_wpcf7_container_post\" value=\"0\" \/>\n<input type=\"hidden\" name=\"_wpcf7_posted_data_hash\" value=\"\" \/>\n<\/div>\n<div class=\"fw-col-sm-12\">\n\t<p><span class=\"wpcf7-form-control-wrap\" data-name=\"your-message\"><textarea cols=\"40\" rows=\"10\" maxlength=\"2000\" class=\"wpcf7-form-control wpcf7-textarea\" aria-invalid=\"false\" placeholder=\"Message*\" name=\"your-message\"><\/textarea><\/span>\n\t<\/p>\n<\/div>\n<div class=\"fw-col-sm-6\">\n\t<p><span class=\"wpcf7-form-control-wrap\" data-name=\"your-name\"><input size=\"40\" maxlength=\"400\" class=\"wpcf7-form-control wpcf7-text wpcf7-validates-as-required\" aria-required=\"true\" aria-invalid=\"false\" placeholder=\"Your name*\" value=\"\" type=\"text\" name=\"your-name\" \/><\/span><br \/>\n<span id=\"wpcf7-69e59a5119cc8-wrapper\" class=\"wpcf7-form-control-wrap newname-wrap\" style=\"display:none !important; visibility:hidden !important;\"><label for=\"wpcf7-69e59a5119cc8-field\" class=\"hp-message\">Please leave this field empty.<\/label><input id=\"wpcf7-69e59a5119cc8-field\"  class=\"wpcf7-form-control wpcf7-text\" type=\"text\" name=\"newname\" value=\"\" size=\"40\" tabindex=\"-1\" autocomplete=\"new-password\" \/><\/span>\n\t<\/p>\n<\/div>\n<div class=\"fw-col-sm-6\">\n\t<p><span class=\"wpcf7-form-control-wrap\" data-name=\"your-email\"><input size=\"40\" maxlength=\"400\" class=\"wpcf7-form-control wpcf7-email wpcf7-validates-as-required wpcf7-text wpcf7-validates-as-email\" aria-required=\"true\" aria-invalid=\"false\" placeholder=\"Your Email*\" value=\"\" type=\"email\" name=\"your-email\" \/><\/span>\n\t<\/p>\n<\/div>\n<div class=\"fw-col-sm-12\">\n\t<p><input class=\"wpcf7-form-control wpcf7-submit has-spinner contact-button\" type=\"submit\" value=\"Send\" \/>\n\t<\/p>\n<\/div><div class=\"wpcf7-response-output\" aria-hidden=\"true\"><\/div>\n<\/form>\n<\/div>\n<\/p>\n\t<\/div>\n<\/div>\n<\/div>\n\n\t<\/div>\n<\/section><section class=\"fw-main-row \"  >\n\t<div class=\"fw-container-fluid no-padding\">\n\t\t<div class=\"fw-row\">\n\t\n<div class=\"fw-col-xs-12\" style=\"\">\n\t<div class=\"fw-map\" data-locations=\"[{&quot;title&quot;:&quot;&quot;,&quot;url&quot;:&quot;&quot;,&quot;thumb&quot;:false,&quot;coordinates&quot;:{&quot;lat&quot;:44.8201211,&quot;lng&quot;:20.4198293},&quot;description&quot;:&quot;Bulevar Mihajla Pupina 139&quot;}]\" data-map-type=\"ROADMAP\" data-map-height=\"300\" data-gmap-key=\"AIzaSyANPtccgDUj7Vu0l4Tngyzozh-CSVbizb8\" data-disable-scrolling=\"1\" >\n\t<div class=\"fw-map-canvas\"><\/div>\n<\/div><\/div>\n<\/div>\n\n\t<\/div>\n<\/section><\/p>\n","protected":false},"excerpt":{"rendered":"<p>Estetik Ramita- Dejan MIlutinovi\u0107 MD :\u00a0Aesthetic plastic and reconstructive surgery ENJOY THE BEAUTY Read moreContact us LOOKS THAT INSPIRES Read moreContact usPERFECTION IS HARMONY Read moreContact us Face Aesthetics Breast Lift Body Aesthetics https:\/\/www.youtube.com\/watch?v=mOzhzFzxeeg&#038;t=8sVideo can&#8217;t be loaded because JavaScript is disabled: Estetik Ramita (plasti\u010dna, rekonstruktivna i estetska hirurgija) (https:\/\/www.youtube.com\/watch?v=mOzhzFzxeeg&#038;t=8s) Estetik Ramita\u201cEstetik Ramita\u201d was founded in [&hellip;]<\/p>\n","protected":false},"author":3,"featured_media":0,"parent":0,"menu_order":0,"comment_status":"closed","ping_status":"closed","template":"page-landing.php","meta":{"_monsterinsights_skip_tracking":false,"_monsterinsights_sitenote_active":false,"_monsterinsights_sitenote_note":"","_monsterinsights_sitenote_category":0,"footnotes":""},"class_list":["post-644","page","type-page","status-publish","hentry"],"yoast_head":"<!-- This site is optimized with the Yoast SEO plugin v23.8 - https:\/\/yoast.com\/wordpress\/plugins\/seo\/ -->\n<title>Dr Dejan Milutinovi\u0107 - Estetik Ramita: plasti\u010dna i rekonstruktivna hirurgija<\/title>\n<meta name=\"description\" content=\"Dr Dejan Milutinovic, specijalista plasti\u010dne i rekonstruktivne hirurgije, jedan je od vode\u0107ih stru\u010dnjaka u ovoj oblasti u na\u0161oj zemlji.\" \/>\n<meta name=\"robots\" content=\"index, follow, max-snippet:-1, max-image-preview:large, max-video-preview:-1\" \/>\n<link rel=\"canonical\" href=\"https:\/\/estetikramita.rs\/en\/\" \/>\n<meta property=\"og:locale\" content=\"en_US\" \/>\n<meta property=\"og:type\" content=\"article\" \/>\n<meta property=\"og:title\" content=\"Dr Dejan Milutinovi\u0107 - Estetik Ramita: plasti\u010dna i rekonstruktivna hirurgija\" \/>\n<meta property=\"og:description\" content=\"Dr Dejan Milutinovic, specijalista plasti\u010dne i rekonstruktivne hirurgije, jedan je od vode\u0107ih stru\u010dnjaka u ovoj oblasti u na\u0161oj zemlji.\" \/>\n<meta property=\"og:url\" content=\"https:\/\/estetikramita.rs\/en\/\" \/>\n<meta property=\"og:site_name\" content=\"Estetik Ramita Dr Dejan Milutinovic\" \/>\n<meta property=\"article:publisher\" content=\"https:\/\/www.facebook.com\/Estetik-Ramita-409859705710283\/\" \/>\n<meta property=\"article:modified_time\" content=\"2024-12-10T17:16:15+00:00\" \/>\n<meta property=\"og:image\" content=\"https:\/\/estetikramita.rs\/wp-content\/uploads\/2017\/03\/slide-1-1.jpg\" \/>\n<meta name=\"twitter:card\" content=\"summary_large_image\" \/>\n<meta name=\"twitter:label1\" content=\"Est. reading time\" \/>\n\t<meta name=\"twitter:data1\" content=\"4 minutes\" \/>\n<script type=\"application\/ld+json\" class=\"yoast-schema-graph\">{\"@context\":\"https:\/\/schema.org\",\"@graph\":[{\"@type\":\"WebPage\",\"@id\":\"https:\/\/estetikramita.rs\/en\/\",\"url\":\"https:\/\/estetikramita.rs\/en\/\",\"name\":\"Dr Dejan Milutinovi\u0107 - Estetik Ramita: plasti\u010dna i rekonstruktivna hirurgija\",\"isPartOf\":{\"@id\":\"https:\/\/estetikramita.rs\/#website\"},\"primaryImageOfPage\":{\"@id\":\"https:\/\/estetikramita.rs\/en\/#primaryimage\"},\"image\":{\"@id\":\"https:\/\/estetikramita.rs\/en\/#primaryimage\"},\"thumbnailUrl\":\"https:\/\/estetikramita.rs\/wp-content\/uploads\/2017\/03\/slide-1-1.jpg\",\"datePublished\":\"2017-03-09T05:21:01+00:00\",\"dateModified\":\"2024-12-10T17:16:15+00:00\",\"description\":\"Dr Dejan Milutinovic, specijalista plasti\u010dne i rekonstruktivne hirurgije, jedan je od vode\u0107ih stru\u010dnjaka u ovoj oblasti u na\u0161oj zemlji.\",\"breadcrumb\":{\"@id\":\"https:\/\/estetikramita.rs\/en\/#breadcrumb\"},\"inLanguage\":\"en-US\",\"potentialAction\":[{\"@type\":\"ReadAction\",\"target\":[\"https:\/\/estetikramita.rs\/en\/\"]}]},{\"@type\":\"ImageObject\",\"inLanguage\":\"en-US\",\"@id\":\"https:\/\/estetikramita.rs\/en\/#primaryimage\",\"url\":\"https:\/\/estetikramita.rs\/wp-content\/uploads\/2017\/03\/slide-1-1.jpg\",\"contentUrl\":\"https:\/\/estetikramita.rs\/wp-content\/uploads\/2017\/03\/slide-1-1.jpg\"},{\"@type\":\"BreadcrumbList\",\"@id\":\"https:\/\/estetikramita.rs\/en\/#breadcrumb\",\"itemListElement\":[{\"@type\":\"ListItem\",\"position\":1,\"name\":\"Home\",\"item\":\"https:\/\/estetikramita.rs\/en\/\"},{\"@type\":\"ListItem\",\"position\":2,\"name\":\"Homepage\"}]},{\"@type\":\"WebSite\",\"@id\":\"https:\/\/estetikramita.rs\/#website\",\"url\":\"https:\/\/estetikramita.rs\/\",\"name\":\"Estetik Ramita Dr Dejan Milutinovic\",\"description\":\"Specijalisti\u010dka ordinacija za estetsku, plasti\u010dnu i rekonstruktivnu hirurgiju\",\"publisher\":{\"@id\":\"https:\/\/estetikramita.rs\/#organization\"},\"potentialAction\":[{\"@type\":\"SearchAction\",\"target\":{\"@type\":\"EntryPoint\",\"urlTemplate\":\"https:\/\/estetikramita.rs\/?s={search_term_string}\"},\"query-input\":{\"@type\":\"PropertyValueSpecification\",\"valueRequired\":true,\"valueName\":\"search_term_string\"}}],\"inLanguage\":\"en-US\"},{\"@type\":\"Organization\",\"@id\":\"https:\/\/estetikramita.rs\/#organization\",\"name\":\"Estetik Ramita\",\"url\":\"https:\/\/estetikramita.rs\/\",\"logo\":{\"@type\":\"ImageObject\",\"inLanguage\":\"en-US\",\"@id\":\"https:\/\/estetikramita.rs\/#\/schema\/logo\/image\/\",\"url\":\"https:\/\/estetikramita.rs\/wp-content\/uploads\/2017\/05\/Logo-1.png\",\"contentUrl\":\"https:\/\/estetikramita.rs\/wp-content\/uploads\/2017\/05\/Logo-1.png\",\"width\":113,\"height\":86,\"caption\":\"Estetik Ramita\"},\"image\":{\"@id\":\"https:\/\/estetikramita.rs\/#\/schema\/logo\/image\/\"},\"sameAs\":[\"https:\/\/www.facebook.com\/Estetik-Ramita-409859705710283\/\",\"https:\/\/instagram.com\/estetik_ramita_dr_milutinovic\",\"https:\/\/www.linkedin.com\/in\/dejan-milutinovic-1381a627\/\",\"https:\/\/www.youtube.com\/channel\/UC7K2smHaWAte1eFcZp20Z2w\"]}]}<\/script>\n<!-- \/ Yoast SEO plugin. -->","yoast_head_json":{"title":"Dr Dejan Milutinovi\u0107 - Estetik Ramita: plasti\u010dna i rekonstruktivna hirurgija","description":"Dr Dejan Milutinovic, specijalista plasti\u010dne i rekonstruktivne hirurgije, jedan je od vode\u0107ih stru\u010dnjaka u ovoj oblasti u na\u0161oj zemlji.","robots":{"index":"index","follow":"follow","max-snippet":"max-snippet:-1","max-image-preview":"max-image-preview:large","max-video-preview":"max-video-preview:-1"},"canonical":"https:\/\/estetikramita.rs\/en\/","og_locale":"en_US","og_type":"article","og_title":"Dr Dejan Milutinovi\u0107 - Estetik Ramita: plasti\u010dna i rekonstruktivna hirurgija","og_description":"Dr Dejan Milutinovic, specijalista plasti\u010dne i rekonstruktivne hirurgije, jedan je od vode\u0107ih stru\u010dnjaka u ovoj oblasti u na\u0161oj zemlji.","og_url":"https:\/\/estetikramita.rs\/en\/","og_site_name":"Estetik Ramita Dr Dejan Milutinovic","article_publisher":"https:\/\/www.facebook.com\/Estetik-Ramita-409859705710283\/","article_modified_time":"2024-12-10T17:16:15+00:00","og_image":[{"url":"https:\/\/estetikramita.rs\/wp-content\/uploads\/2017\/03\/slide-1-1.jpg"}],"twitter_card":"summary_large_image","twitter_misc":{"Est. reading time":"4 minutes"},"schema":{"@context":"https:\/\/schema.org","@graph":[{"@type":"WebPage","@id":"https:\/\/estetikramita.rs\/en\/","url":"https:\/\/estetikramita.rs\/en\/","name":"Dr Dejan Milutinovi\u0107 - Estetik Ramita: plasti\u010dna i rekonstruktivna hirurgija","isPartOf":{"@id":"https:\/\/estetikramita.rs\/#website"},"primaryImageOfPage":{"@id":"https:\/\/estetikramita.rs\/en\/#primaryimage"},"image":{"@id":"https:\/\/estetikramita.rs\/en\/#primaryimage"},"thumbnailUrl":"https:\/\/estetikramita.rs\/wp-content\/uploads\/2017\/03\/slide-1-1.jpg","datePublished":"2017-03-09T05:21:01+00:00","dateModified":"2024-12-10T17:16:15+00:00","description":"Dr Dejan Milutinovic, specijalista plasti\u010dne i rekonstruktivne hirurgije, jedan je od vode\u0107ih stru\u010dnjaka u ovoj oblasti u na\u0161oj zemlji.","breadcrumb":{"@id":"https:\/\/estetikramita.rs\/en\/#breadcrumb"},"inLanguage":"en-US","potentialAction":[{"@type":"ReadAction","target":["https:\/\/estetikramita.rs\/en\/"]}]},{"@type":"ImageObject","inLanguage":"en-US","@id":"https:\/\/estetikramita.rs\/en\/#primaryimage","url":"https:\/\/estetikramita.rs\/wp-content\/uploads\/2017\/03\/slide-1-1.jpg","contentUrl":"https:\/\/estetikramita.rs\/wp-content\/uploads\/2017\/03\/slide-1-1.jpg"},{"@type":"BreadcrumbList","@id":"https:\/\/estetikramita.rs\/en\/#breadcrumb","itemListElement":[{"@type":"ListItem","position":1,"name":"Home","item":"https:\/\/estetikramita.rs\/en\/"},{"@type":"ListItem","position":2,"name":"Homepage"}]},{"@type":"WebSite","@id":"https:\/\/estetikramita.rs\/#website","url":"https:\/\/estetikramita.rs\/","name":"Estetik Ramita Dr Dejan Milutinovic","description":"Specijalisti\u010dka ordinacija za estetsku, plasti\u010dnu i rekonstruktivnu hirurgiju","publisher":{"@id":"https:\/\/estetikramita.rs\/#organization"},"potentialAction":[{"@type":"SearchAction","target":{"@type":"EntryPoint","urlTemplate":"https:\/\/estetikramita.rs\/?s={search_term_string}"},"query-input":{"@type":"PropertyValueSpecification","valueRequired":true,"valueName":"search_term_string"}}],"inLanguage":"en-US"},{"@type":"Organization","@id":"https:\/\/estetikramita.rs\/#organization","name":"Estetik Ramita","url":"https:\/\/estetikramita.rs\/","logo":{"@type":"ImageObject","inLanguage":"en-US","@id":"https:\/\/estetikramita.rs\/#\/schema\/logo\/image\/","url":"https:\/\/estetikramita.rs\/wp-content\/uploads\/2017\/05\/Logo-1.png","contentUrl":"https:\/\/estetikramita.rs\/wp-content\/uploads\/2017\/05\/Logo-1.png","width":113,"height":86,"caption":"Estetik Ramita"},"image":{"@id":"https:\/\/estetikramita.rs\/#\/schema\/logo\/image\/"},"sameAs":["https:\/\/www.facebook.com\/Estetik-Ramita-409859705710283\/","https:\/\/instagram.com\/estetik_ramita_dr_milutinovic","https:\/\/www.linkedin.com\/in\/dejan-milutinovic-1381a627\/","https:\/\/www.youtube.com\/channel\/UC7K2smHaWAte1eFcZp20Z2w"]}]}},"_links":{"self":[{"href":"https:\/\/estetikramita.rs\/en\/wp-json\/wp\/v2\/pages\/644","targetHints":{"allow":["GET"]}}],"collection":[{"href":"https:\/\/estetikramita.rs\/en\/wp-json\/wp\/v2\/pages"}],"about":[{"href":"https:\/\/estetikramita.rs\/en\/wp-json\/wp\/v2\/types\/page"}],"author":[{"embeddable":true,"href":"https:\/\/estetikramita.rs\/en\/wp-json\/wp\/v2\/users\/3"}],"replies":[{"embeddable":true,"href":"https:\/\/estetikramita.rs\/en\/wp-json\/wp\/v2\/comments?post=644"}],"version-history":[{"count":62,"href":"https:\/\/estetikramita.rs\/en\/wp-json\/wp\/v2\/pages\/644\/revisions"}],"predecessor-version":[{"id":4867,"href":"https:\/\/estetikramita.rs\/en\/wp-json\/wp\/v2\/pages\/644\/revisions\/4867"}],"wp:attachment":[{"href":"https:\/\/estetikramita.rs\/en\/wp-json\/wp\/v2\/media?parent=644"}],"curies":[{"name":"wp","href":"https:\/\/api.w.org\/{rel}","templated":true}]}}